{"id":3,"date":"2020-02-12T10:27:46","date_gmt":"2020-02-12T09:27:46","guid":{"rendered":"https:\/\/piastrellastock.it\/?page_id=3"},"modified":"2020-10-26T16:25:07","modified_gmt":"2020-10-26T15:25:07","slug":"privacy-policy","status":"publish","type":"page","link":"https:\/\/piastrellastock.it\/en\/privacy-policy\/","title":{"rendered":"Privacy Policy"},"content":{"rendered":"<div class=\"wpb-content-wrapper\"><div class=\"vc_row wpb_row vc_row-fluid\"><div class=\"wpb_column vc_column_container vc_col-sm-12\"><div class=\"vc_column-inner\"><div class=\"wpb_wrapper\">\n\t<div class=\"wpb_text_column wpb_content_element\" >\n\t\t<div class=\"wpb_wrapper\">\n\t\t\t<h1>TRATTAMENTO DEI DATI PERSONALI<\/h1>\n<h5>PRIVACY POLICY AI SENSI DELL&#8217;ART. 13 DEL D.LGS. 196\/2003<\/h5>\n<p align=\"justify\">Ti informiamo che i dati che fornirai al gestore del presente sito al momento della tua compilazione del &#8220;form contatti&#8221; (o form o form mail) disponibile sul sito stesso, saranno trattati nel rispetto delle disposizioni di cui al d.lgs. 196\/2003, Codice in materia di protezione dei dati personali.<br \/>\nIl form contatti messo a disposizione sul sito ha il solo scopo di consentire ai visitatori del sito di contattare, qualora lo desiderino, il gestore del sito stesso, inviando tramite il suddetto form una email al gestore.<br \/>\nLa presente informativa riguarda i dati personali inviati dall&#8217;utente visitatore al momento della compilazione del form contatti.<br \/>\nTi informiamo del fatto che i dati che conferirai volontariamente tramite il form verranno tramutati in una email che eventualmente potr\u00e1 essere conservata all&#8217;interno del sistema di ricezione di email utilizzato dal titolare del sito.<br \/>\nQuesti dati non verranno registrati su altri supporti o dispositivi, n\u00e9 verranno registrati altri dati derivanti dalla tua navigazione sul sito.<\/p>\n<p><b>1. FINALITA&#8217; DEL TRATTAMENTO DEI DATI PERSONALI<\/b><br \/>\nLe finalit\u00e1 del trattamento dei tuoi dati sono le seguenti:<br \/>\nI dati da te inviati verranno utilizzati al solo scopo di poterti eventualmente ricontattare tramite i riferimenti da te lasciati tramite il form contatti per evadere eventuali tue richieste contenute nel messaggio da te inviato tramite il form contatti messoti a disposizione sul sito.<\/p>\n<p><b>2. NATURA DEI DATI TRATTATI E MODALITA&#8217; DEL TRATTAMENTO<\/b><br \/>\na. I dati personali trattati saranno esclusivamente i dati comuni strettamente necessari e pertinenti alle finalit\u00e1 di cui al punto 1 che precede.<br \/>\nb. Il trattamento dei dati personali conferiti \u00e9 realizzato per mezzo delle operazioni o del complesso delle operazioni indicate all&#8217;art. 4 comma 1 lett. a) d. lgs. 196\/2003.<br \/>\nc. Il trattamento \u00e9 svolto direttamente dall&#8217;organizzazione del titolare.<\/p>\n<p><b>3. NATURA DEL CONFERIMENTO E CONSEGUENZE DEL RIFIUTO<\/b><br \/>\nRicorda che non sei obbligato a conferire al gestore del sito i dati personali tramite richiesti nel form contatti.<br \/>\nIl conferimento dei tuoi dati tramite il form contatti \u00e9 facoltativo.<br \/>\nTuttavia il rifiuto al conferimento per le finalit\u00e1 di cui all&#8217;art. 1 determiner\u00e1 l&#8217;impossibilit\u00e1 di contattare il gestore del sito web tramite il form contatti messo a disposizione sul sito.<\/p>\n<p><b>4. TITOLARE DEL TRATTAMENTO<\/b><br \/>\nI dati personali raccolti mediante il form contatti saranno inviati via email al gestore del presente sito web , che sar\u00e1 titolare del trattamento.<\/p>\n<p><b>5. DIRITTI DELL&#8217;INTERESSATO<\/b><br \/>\nRicorda che in ogni momento potrai esercitare i diritti a te attribuiti dall&#8217;art, 7 del d.lgs. 196\/2003 che riportiamo qui di seguito, scrivendo al gestore del presente sito web tramite il form contatti.<br \/>\nArt. 7. del d.lgs. 196\/2003<br \/>\nDiritto di accesso ai dati personali ed altri diritti<br \/>\n1. L&#8217;interessato ha diritto di ottenere la conferma dell&#8217;esistenza o meno di dati personali che lo riguardano, anche se non ancora registrati, e la loro comunicazione in forma intelligibile.<br \/>\n2. L&#8217;interessato ha diritto di ottenere l&#8217;indicazione:<br \/>\na) dell&#8217;origine dei dati personali;<br \/>\nb) delle finalit\u00e1 e modalit\u00e1 del trattamento;<br \/>\nc) della logica applicata in caso di trattamento effettuato con l&#8217;ausilio di strumenti elettronici;<br \/>\nd) degli estremi identificativi del titolare, dei responsabili e del rappresentante designato ai sensi dell&#8217;articolo 5, comma 2;<br \/>\ne) dei soggetti o delle categorie di soggetti ai quali i dati personali possono essere comunicati o che possono venirne a conoscenza in qualit\u00e1 di rappresentante designato nel territorio dello Stato, di responsabili o incaricati.<br \/>\n3. L&#8217;interessato ha diritto di ottenere:<br \/>\na) l&#8217;aggiornamento, la rettificazione ovvero, quando vi ha interesse, l&#8217;integrazione dei dati;<br \/>\nb) la cancellazione, la trasformazione in forma anonima o il blocco dei dati trattati in violazione di legge, compresi quelli di cui non \u00e9 necessaria la conservazione in relazione agli scopi per i quali i dati sono stati raccolti o successivamente trattati;<br \/>\nc) l&#8217;attestazione che le operazioni di cui alle lettere a) e b) sono state portate a conoscenza, anche per quanto riguarda il loro contenuto, di coloro ai quali i dati sono stati comunicati o diffusi, eccettuato il caso in cui tale adempimento si rivela impossibile o comporta un impiego di mezzi manifestamente sproporzionato rispetto al diritto tutelato.<br \/>\n4. L&#8217;interessato ha diritto di opporsi, in tutto o in parte:<br \/>\na) per motivi legittimi al trattamento dei dati personali che lo riguardano, oltre che pertinenti allo scopo della raccolta;<br \/>\nb) al trattamento di dati personali che lo riguardano a fini di invio di materiale pubblicitario o di vendita diretta o per il compimento di ricerche di mercato o di comunicazione commerciale.<\/p>\n<p><b>6. DURATA DEL TRATTAMENTO<\/b><br \/>\nIl trattamento avr\u00e1 una durata non superiore a quella necessaria alle finalit\u00e1 per le quali i dati sono stati raccolti.<\/p>\n<p><b id=\"cookies\">7. INFORMATIVA ESTESA SUI COOKIE<\/b><\/p>\n<p>I Cookie sono costituiti da porzioni di codice installate all&#8217;interno del browser che assistono il Titolare nell\u2019erogazione del servizio in base alle finalit\u00e0 descritte. Alcune delle finalit\u00e0 di installazione dei Cookie potrebbero, inoltre, necessitare del consenso dell&#8217;Utente.<\/p>\n<p><u>Cookie tecnici e di statistica aggregata<\/u><\/p>\n<p>I Cookie tecnici hanno la funzione di permettere lo svolgimento di attivit\u00e0 strettamente legate al funzionamento di questo spazio online. I Cookie tecnici utilizzati dal Titolare possono essere suddivisi nelle seguenti sottocategorie:<\/p>\n<ul class=\"styled\">\n<li>Cookie di navigazione, per mezzo dei quali si possono salvare le preferenze di navigazione ed ottimizzare l\u2019esperienza di navigazione dell\u2019Utente;<\/li>\n<li>Cookie analytics, per mezzo dei quali si acquisiscono informazioni statistiche in merito alle modalit\u00e0 di navigazione degli Utenti. Tali informazioni sono trattate in forma aggregata ed anonima;<\/li>\n<li>Cookie di funzionalit\u00e0, anche di terze parti, utilizzati per attivare specifiche funzionalit\u00e0 di questo spazio online e necessari ad erogare il servizio o migliorarlo.<\/li>\n<\/ul>\n<p>Tali Cookie non necessitano del preventivo consenso dell\u2019Utente per essere installati ed utilizzati.<\/p>\n<p><u>Altre tipologie di Cookie o strumenti terzi che potrebbero farne utilizzo<\/u><\/p>\n<p>Alcuni dei servizi elencati di seguito potrebbero non richiedere il consenso dell&#8217;Utente o potrebbero essere gestiti direttamente dal titolare \u2013 a seconda di quanto descritto \u2013 senza l&#8217;ausilio di terzi.<\/p>\n<p>Qualora fra gli strumenti indicati in seguito fossero presenti servizi gestiti da terzi, questi potrebbero \u2013 in aggiunta a quanto specificato ed anche all\u2019insaputa del Titolare \u2013 compiere attivit\u00e0 di tracciamento dell\u2019Utente. Per informazioni dettagliate in merito, si consiglia di consultare le privacy policy dei servizi elencati.<\/p>\n<p><u>Interazione con social network e piattaforme esterne<\/u><\/p>\n<p>Questi servizi permettono di effettuare interazioni con i social network, o con altre piattaforme esterne, direttamente dalle pagine di questo spazio online.<br \/>\nLe interazioni e le informazioni acquisite da questo spazio online sono in ogni caso soggette alle impostazioni privacy dell\u2019Utente relative ad ogni social network.<br \/>\nNel caso in cui sia installato un servizio di interazione con i social network, \u00e8 possibile che, anche nel caso gli Utenti non utilizzino il servizio, lo stesso raccolga dati di traffico relativi alle pagine in cui \u00e8 installato.<\/p>\n<h4>PULSANTE +1 E WIDGET SOCIALI DI GOOGLE+ (GOOGLE INC.)<\/h4>\n<p>Il pulsante +1 e i widget sociali di Google+ sono servizi di interazione con il social network Google+, forniti da Google Inc.<\/p>\n<p>Dati personali raccolti: Cookie e Dati di utilizzo.<\/p>\n<p>Luogo del trattamento : USA \u2013\u00a0<a href=\"http:\/\/www.google.com\/intl\/it\/policies\/privacy\/\" target=\"_blank\" rel=\"noopener noreferrer\">Privacy Policy<\/a><\/p>\n<h4>PULSANTE MI PIACE E WIDGET SOCIALI DI FACEBOOK (FACEBOOK, INC.)<\/h4>\n<p>Il pulsante \u201cMi Piace\u201d e i widget sociali di Facebook sono servizi di interazione con il social network Facebook, forniti da Facebook, Inc.<\/p>\n<p>Dati personali raccolti: Cookie e Dati di utilizzo.<\/p>\n<p>Luogo del trattamento : USA \u2013\u00a0<a href=\"http:\/\/www.facebook.com\/privacy\/explanation.php\" target=\"_blank\" rel=\"noopener noreferrer\">Privacy Policy<\/a><\/p>\n<h4>PULSANTE TWEET E WIDGET SOCIALI DI TWITTER (TWITTER, INC.)<\/h4>\n<p>Il pulsante Tweet e i widget sociali di Twitter sono servizi di interazione con il social network Twitter, forniti da Twitter, Inc.<\/p>\n<p>Dati personali raccolti: Cookie e Dati di utilizzo.<\/p>\n<p>Luogo del trattamento : USA \u2013\u00a0<a href=\"http:\/\/twitter.com\/privacy\" target=\"_blank\" rel=\"noopener noreferrer\">Privacy Policy<\/a><\/p>\n<p><u>Statistica<\/u><br \/>\nI servizi contenuti nella presente sezione permettono al Titolare del Trattamento di monitorare e analizzare i dati di traffico e servono a tener traccia del comportamento dell\u2019Utente.<\/p>\n<h4>GOOGLE ANALYTICS CON IP ANONIMIZZATO (GOOGLE INC.)<\/h4>\n<p>Google Analytics \u00e8 un servizio di analisi web fornito da Google Inc. (\u201cGoogle\u201d). Google utilizza i Dati Personali raccolti allo scopo di tracciare ed esaminare l\u2019utilizzo di questo spazio online, compilare report e condividerli con gli altri servizi sviluppati da Google.<br \/>\nGoogle potrebbe utilizzare i Dati Personali per contestualizzare e personalizzare gli annunci del proprio network pubblicitario.<br \/>\nQuesta integrazione di Google Analytics rende anonimo il tuo indirizzo IP. L&#8217;anonimizzazione funziona abbreviando entro i confini degli Stati Membri dell&#8217;Unione Europea o in altri Paesi aderenti all&#8217;accordo sullo Spazio Economico Europeo l&#8217;indirizzo IP degli Utenti. Solo in casi eccezionali, l&#8217;indirizzo IP sar\u00e0 inviato ai server di Google ed abbreviato all&#8217;interno degli Stati Uniti.<\/p>\n<p>Dati personali raccolti: Cookie e Dati di utilizzo.<\/p>\n<p>Luogo del trattamento : USA \u2013\u00a0<a href=\"http:\/\/www.google.com\/intl\/en\/policies\/privacy\/\" target=\"_blank\" rel=\"noopener noreferrer\">Privacy Policy<\/a>\u00a0\u2013\u00a0<a href=\"http:\/\/tools.google.com\/dlpage\/gaoptout?hl=it\" target=\"_blank\" rel=\"noopener noreferrer\">Opt Out<\/a>\u00a0<u>Utilizzo da parte di minori<\/u><\/p>\n<p>Gli Utenti dichiarano di essere maggiorenni secondo la legislazione loro applicabile. I minorenni possono utilizzare questo spazio online solo con l\u2019assistenza di un genitore o di un tutore.<\/p>\n<p><u>Come posso controllare l&#8217;installazione di Cookie?<\/u><\/p>\n<p>In aggiunta a quanto indicato in questo documento, l&#8217;Utente pu\u00f2 gestire le preferenze relative ai Cookie direttamente all&#8217;interno del proprio browser ed impedire \u2013 ad esempio \u2013 che terze parti possano installarne. Tramite le preferenze del browser \u00e8 inoltre possibile eliminare i Cookie installati in passato, incluso il Cookie in cui venga eventualmente salvato il consenso all&#8217;installazione di Cookie da parte di questo sito. \u00c8 importante notare che disabilitando tutti i Cookie, il funzionamento di questo sito potrebbe essere compromesso. Puoi trovare informazioni su come gestire i Cookie nel tuo browser ai seguenti indirizzi:\u00a0<a href=\"https:\/\/support.google.com\/chrome\/answer\/95647?hl=en&amp;p=cpn_cookies\" target=\"_blank\" rel=\"noopener noreferrer\">Google Chrome<\/a>,\u00a0<a href=\"https:\/\/support.mozilla.org\/it\/kb\/Attivare%20e%20disattivare%20i%20cookie?redirectlocale=en-US&amp;redirectslug=Enabling+and+disabling+cookies\" target=\"_blank\" rel=\"noopener noreferrer\">Mozilla Firefox<\/a>,\u00a0<a href=\"https:\/\/support.apple.com\/kb\/PH19214?viewlocale=it_IT&amp;locale=en_US\" target=\"_blank\" rel=\"noopener noreferrer\">Apple Safari<\/a>\u00a0and\u00a0<a href=\"http:\/\/windows.microsoft.com\/it-it\/windows-vista\/block-or-allow-cookies\" target=\"_blank\" rel=\"noopener noreferrer\">Microsoft Windows Explorer<\/a>.<\/p>\n<p>In caso di servizi erogati da terze parti, l&#8217;Utente pu\u00f2 inoltre esercitare il proprio diritto ad opporsi al tracciamento informandosi tramite la privacy policy della terza parte, tramite il link di opt out se esplicitamente fornito o contattando direttamente la stessa.<\/p>\n<p>Fermo restando quanto precede, il Titolare informa che l\u2019Utente pu\u00f2 avvalersi di\u00a0<a href=\"http:\/\/www.youronlinechoices.com\/\" target=\"_blank\" rel=\"noopener noreferrer\">Your Online Choices<\/a>. Attraverso tale servizio \u00e8 possibile gestire le preferenze di tracciamento della maggior parte degli strumenti pubblicitari. Il Titolare, pertanto, consiglia agli Utenti di utilizzare tale risorsa in aggiunta alle informazioni fornite dal presente documento.<\/p>\n<p><u>Titolare del Trattamento dei Dati<\/u><\/p>\n<p>Piastrella Stock  &#8211; Via Giardini n.44 \u2013 41042 Fiorano Modenese MO Tel. +39 0536 1701879<\/p>\n<p>Dal momento che l&#8217;installazione di Cookie e di altri sistemi di tracciamento operata da terze parti tramite i servizi utilizzati all&#8217;interno di questo spazio online non pu\u00f2 essere tecnicamente controllata dal Titolare, ogni riferimento specifico a Cookie e sistemi di tracciamento installati da terze parti \u00e8 da considerarsi indicativo. Per ottenere informazioni complete, consulta la privacy policy degli eventuali servizi terzi elencati in questo documento.<\/p>\n<p>Vista l&#8217;oggettiva complessit\u00e0 legata all&#8217;identificazione delle tecnologie basate sui Cookie ed alla loro integrazione molto stretta con il funzionamento del web, l&#8217;Utente \u00e8 invitato a contattare il Titolare qualora volesse ricevere qualunque approfondimento relativo all&#8217;utilizzo dei Cookie stessi e ad eventuali utilizzi degli stessi \u2013 ad esempio ad opera di terzi \u2013 effettuati tramite questo sito.<\/p>\n<p>Il presente documento si riferisce a tutti gli spazi online (siti, piattaforme, strumenti internet, etc) di propriet\u00e0 del Titolare. Per ottenere ulteriori informazioni in merito agli strumenti relativi ad uno specifico spazio, l\u2019Utente \u00e8 pregato di contattare il Titolare ai riferimenti forniti nel presente documento.<\/p>\n<p><u>Definizioni e riferimenti legali<\/u><\/p>\n<h4>DATI PERSONALI (O DATI)<\/h4>\n<p>Costituisce dato personale qualunque informazione relativa a persona fisica, identificata o identificabile, anche indirettamente, mediante riferimento a qualsiasi altra informazione, ivi compreso un numero di identificazione personale.<\/p>\n<h4>DATI DI UTILIZZO<\/h4>\n<p>Sono i dati personali raccolti in maniera automatica dall\u2019Applicazione (o dalle applicazioni di parti terze che la stessa utilizza), tra i quali: gli indirizzi IP o i nomi a dominio dei computer utilizzati dall\u2019Utente che si connette all\u2019Applicazione, gli indirizzi in notazione URI (Uniform Resource Identifier), l\u2019orario della richiesta, il metodo utilizzato nel sottoporre la richiesta al server, la dimensione del file ottenuto in risposta, il codice numerico indicante lo stato della risposta dal server (buon fine, errore, ecc.) il Paese di provenienza, le caratteristiche del browser e del sistema operativo utilizzati dal visitatore, le varie connotazioni temporali della visita (ad esempio il tempo di permanenza su ciascuna pagina) e i dettagli relativi all\u2019itinerario seguito all\u2019interno dell\u2019Applicazione, con particolare riferimento alla sequenza delle pagine consultate, ai parametri relativi al sistema operativo e all\u2019ambiente informatico dell\u2019Utente.<\/p>\n<h4>UTENTE<\/h4>\n<p>L&#8217;individuo che utilizza questo spazio online, che deve coincidere con l&#8217;Interessato o essere da questo autorizzato ed i cui Dati Personali sono oggetto del trattamento.<\/p>\n<h4>INTERESSATO<\/h4>\n<p>La persona fisica o giuridica cui si riferiscono i Dati Personali.<\/p>\n<h4>RESPONSABILE DEL TRATTAMENTO (O RESPONSABILE)<\/h4>\n<p>La persona fisica, giuridica, la pubblica amministrazione e qualsiasi altro ente, associazione od organismo preposti dal Titolare al trattamento dei Dati Personali, secondo quanto predisposto dalla presente privacy policy.<\/p>\n<h4>TITOLARE DEL TRATTAMENTO (O TITOLARE)<\/h4>\n<p>La persona fisica, giuridica, la pubblica amministrazione e qualsiasi altro ente, associazione od organismo cui competono, anche unitamente ad altro titolare, le decisioni in ordine alle finalit\u00e0, alle modalit\u00e0 del trattamento di dati personali ed agli strumenti utilizzati, ivi compreso il profilo della sicurezza, in relazione al funzionamento e alla fruizione di questo spazio online. Il Titolare del Trattamento, salvo quanto diversamente specificato, \u00e8 il proprietario di questo spazio online.<\/p>\n<h4>QUESTO SPAZIO ONLINE<\/h4>\n<p>Lo strumento hardware o software mediante il quale sono raccolti i Dati Personali degli Utenti.<\/p>\n<h4>COOKIE<\/h4>\n<p>Piccola porzione di dati conservata all&#8217;interno del dispositivo dell&#8217;Utente.<\/p>\n<hr \/>\n<h4>RIFERIMENTI LEGALI<\/h4>\n<p>Avviso agli Utenti europei: la presente informativa privacy \u00e8 redatta in adempimento degli obblighi previsti dall\u2019Art. 10 della Direttiva n. 95\/46\/CE, nonch\u00e9 a quanto previsto dalla Direttiva 2002\/58\/CE, come aggiornata dalla Direttiva 2009\/136\/CE, in materia di Cookie.<\/p>\n<p>Questa informativa privacy riguarda esclusivamente questo spazio online.<\/p>\n\n\t\t<\/div>\n\t<\/div>\n<\/div><\/div><\/div><\/div>\n<\/div>","protected":false},"excerpt":{"rendered":"TRATTAMENTO DEI DATI PERSONALI PRIVACY POLICY AI SENSI DELL'ART. 13 DEL D.LGS. 196\/2003 Ti informiamo che i dati che fornirai","protected":false},"author":1,"featured_media":0,"parent":0,"menu_order":0,"comment_status":"closed","ping_status":"open","template":"","meta":{"_joinchat":[],"footnotes":""},"class_list":["post-3","page","type-page","status-publish","hentry"],"yoast_head":"<!-- This site is optimized with the Yoast SEO plugin v27.1.1 - https:\/\/yoast.com\/product\/yoast-seo-wordpress\/ -->\n<title>Privacy Policy - Piastrella stock - Il meglio a prezzo di stock<\/title>\n<meta name=\"robots\" content=\"index, follow, max-snippet:-1, max-image-preview:large, max-video-preview:-1\" \/>\n<link rel=\"canonical\" href=\"https:\/\/piastrellastock.it\/en\/privacy-policy\/\" \/>\n<meta property=\"og:locale\" content=\"en_GB\" \/>\n<meta property=\"og:type\" content=\"article\" \/>\n<meta property=\"og:title\" content=\"Privacy Policy - Piastrella stock - Il meglio a prezzo di stock\" \/>\n<meta property=\"og:url\" content=\"https:\/\/piastrellastock.it\/en\/privacy-policy\/\" \/>\n<meta property=\"og:site_name\" content=\"Piastrella stock - Il meglio a prezzo di stock\" \/>\n<meta property=\"article:modified_time\" content=\"2020-10-26T15:25:07+00:00\" \/>\n<meta name=\"twitter:card\" content=\"summary_large_image\" \/>\n<meta name=\"twitter:label1\" content=\"Est. reading time\" \/>\n\t<meta name=\"twitter:data1\" content=\"11 minutes\" \/>\n<script type=\"application\/ld+json\" class=\"yoast-schema-graph\">{\"@context\":\"https:\/\/schema.org\",\"@graph\":[{\"@type\":\"WebPage\",\"@id\":\"https:\/\/piastrellastock.it\/en\/privacy-policy\/\",\"url\":\"https:\/\/piastrellastock.it\/en\/privacy-policy\/\",\"name\":\"Privacy Policy - Piastrella stock - Il meglio a prezzo di stock\",\"isPartOf\":{\"@id\":\"https:\/\/piastrellastock.it\/#website\"},\"datePublished\":\"2020-02-12T09:27:46+00:00\",\"dateModified\":\"2020-10-26T15:25:07+00:00\",\"inLanguage\":\"en-GB\",\"potentialAction\":[{\"@type\":\"ReadAction\",\"target\":[\"https:\/\/piastrellastock.it\/en\/privacy-policy\/\"]}]},{\"@type\":\"WebSite\",\"@id\":\"https:\/\/piastrellastock.it\/#website\",\"url\":\"https:\/\/piastrellastock.it\/\",\"name\":\"Piastrella stock - Il meglio a prezzo di stock\",\"description\":\"La ceramica per te\",\"potentialAction\":[{\"@type\":\"SearchAction\",\"target\":{\"@type\":\"EntryPoint\",\"urlTemplate\":\"https:\/\/piastrellastock.it\/?s={search_term_string}\"},\"query-input\":{\"@type\":\"PropertyValueSpecification\",\"valueRequired\":true,\"valueName\":\"search_term_string\"}}],\"inLanguage\":\"en-GB\"}]}<\/script>\n<!-- \/ Yoast SEO plugin. -->","yoast_head_json":{"title":"Privacy Policy - Piastrella stock - Il meglio a prezzo di stock","robots":{"index":"index","follow":"follow","max-snippet":"max-snippet:-1","max-image-preview":"max-image-preview:large","max-video-preview":"max-video-preview:-1"},"canonical":"https:\/\/piastrellastock.it\/en\/privacy-policy\/","og_locale":"en_GB","og_type":"article","og_title":"Privacy Policy - Piastrella stock - Il meglio a prezzo di stock","og_url":"https:\/\/piastrellastock.it\/en\/privacy-policy\/","og_site_name":"Piastrella stock - Il meglio a prezzo di stock","article_modified_time":"2020-10-26T15:25:07+00:00","twitter_card":"summary_large_image","twitter_misc":{"Est. reading time":"11 minutes"},"schema":{"@context":"https:\/\/schema.org","@graph":[{"@type":"WebPage","@id":"https:\/\/piastrellastock.it\/en\/privacy-policy\/","url":"https:\/\/piastrellastock.it\/en\/privacy-policy\/","name":"Privacy Policy - Piastrella stock - Il meglio a prezzo di stock","isPartOf":{"@id":"https:\/\/piastrellastock.it\/#website"},"datePublished":"2020-02-12T09:27:46+00:00","dateModified":"2020-10-26T15:25:07+00:00","inLanguage":"en-GB","potentialAction":[{"@type":"ReadAction","target":["https:\/\/piastrellastock.it\/en\/privacy-policy\/"]}]},{"@type":"WebSite","@id":"https:\/\/piastrellastock.it\/#website","url":"https:\/\/piastrellastock.it\/","name":"Piastrella stock - Il meglio a prezzo di stock","description":"La ceramica per te","potentialAction":[{"@type":"SearchAction","target":{"@type":"EntryPoint","urlTemplate":"https:\/\/piastrellastock.it\/?s={search_term_string}"},"query-input":{"@type":"PropertyValueSpecification","valueRequired":true,"valueName":"search_term_string"}}],"inLanguage":"en-GB"}]}},"_links":{"self":[{"href":"https:\/\/piastrellastock.it\/en\/wp-json\/wp\/v2\/pages\/3","targetHints":{"allow":["GET"]}}],"collection":[{"href":"https:\/\/piastrellastock.it\/en\/wp-json\/wp\/v2\/pages"}],"about":[{"href":"https:\/\/piastrellastock.it\/en\/wp-json\/wp\/v2\/types\/page"}],"author":[{"embeddable":true,"href":"https:\/\/piastrellastock.it\/en\/wp-json\/wp\/v2\/users\/1"}],"replies":[{"embeddable":true,"href":"https:\/\/piastrellastock.it\/en\/wp-json\/wp\/v2\/comments?post=3"}],"version-history":[{"count":3,"href":"https:\/\/piastrellastock.it\/en\/wp-json\/wp\/v2\/pages\/3\/revisions"}],"predecessor-version":[{"id":8438,"href":"https:\/\/piastrellastock.it\/en\/wp-json\/wp\/v2\/pages\/3\/revisions\/8438"}],"wp:attachment":[{"href":"https:\/\/piastrellastock.it\/en\/wp-json\/wp\/v2\/media?parent=3"}],"curies":[{"name":"wp","href":"https:\/\/api.w.org\/{rel}","templated":true}]}}