{"id":845,"date":"2017-07-13T06:58:00","date_gmt":"2017-07-13T06:58:00","guid":{"rendered":"http:\/\/dummy.xtemos.com\/woodmart\/demos\/?page_id=845"},"modified":"2023-02-22T14:44:52","modified_gmt":"2023-02-22T13:44:52","slug":"chi-siamo","status":"publish","type":"page","link":"https:\/\/piastrellastock.it\/en\/chi-siamo\/","title":{"rendered":"About us"},"content":{"rendered":"<div class=\"wpb-content-wrapper\"><div class=\"vc_row wpb_row vc_row-fluid vc_custom_1499600383384\"><div class=\"wpb_column vc_column_container vc_col-sm-12 vc_col-lg-offset-2 vc_col-lg-8 vc_col-md-offset-2 vc_col-md-8 vc_col-sm-offset-0\"><div class=\"vc_column-inner vc_custom_1499599304156\"><div class=\"wpb_wrapper\">\n\t\t<div id=\"wd-5f96d5a14f2d6\" class=\"title-wrapper wd-wpb wd-set-mb reset-last-child  wd-rs-5f96d5a14f2d6 wd-title-color-default wd-title-style-default text-left vc_custom_1603720613935 wd-underline-colored\">\n\t\t\t\n\t\t\t<div class=\"liner-continer\">\n\t\t\t\t<h4 class=\"woodmart-title-container title  wd-font-weight- wd-fontsize-xxxl\" >FLOOR AND WALL COVERINGS FOR EVERY NEED<\/h4>\n\t\t\t\t\t\t\t<\/div>\n\t\t\t\n\t\t\t\n\t\t\t\n\t\t<\/div>\n\t\t\n\t\t<p style=\"font-size: 20px;color: #777777;text-align: left;font-family:Lato;font-weight:400;font-style:normal\" class=\"vc_custom_heading vc_do_custom_heading hidden-sm hidden-xs vc_custom_1603720681096\" >SPECIALISED IN THE SALE OF ALL TYPES OF FLOOR AND WALL COVERINGS<\/p><p style=\"font-size: 22px;color: #8e8e8e;text-align: left;font-family:Lato;font-weight:300;font-style:italic\" class=\"vc_custom_heading vc_do_custom_heading\" >FROM PORCELAIN STONEWARE, INDOOR PRODUCTS, OUTDOOR TILES, MOSAICS AND SPECIAL PIECES. MATERIAL 100% MADE IN ITALY<\/p><div class=\"vc_row wpb_row vc_inner vc_row-fluid\"><div class=\"wpb_column vc_column_container vc_col-sm-6\"><div class=\"vc_column-inner vc_custom_1494857398526\"><div class=\"wpb_wrapper\">\n\t<div class=\"wpb_text_column wpb_content_element vc_custom_1603720538846\" >\n\t\t<div class=\"wpb_wrapper\">\n\t\t\t<p>Founded in the ceramic district of Sassuolo, the world capital of tiles, PIASTRELLA STOCK is a leading company in the sector, offering floor and wall tiles of every type and for every need.<br \/>\nWe provide our customers with a well-trained team of competent people in the ceramic industry.<\/p>\n<p>We are a commercial company specialized in buying and reselling large ceramic lots in Italy and abroad.<br \/>\nThanks to numerous customers we are able to resell large quantities in a short time, which is why you can find new products every day.<\/p>\n\n\t\t<\/div>\n\t<\/div>\n\n\t<div  class=\"wpb_single_image wpb_content_element vc_align_center\">\n\t\t\n\t\t<figure class=\"wpb_wrapper vc_figure\">\n\t\t\t<div class=\"vc_single_image-wrapper   vc_box_border_grey\"><img loading=\"lazy\" decoding=\"async\" width=\"980\" height=\"596\" src=\"https:\/\/piastrellastock.it\/wp-content\/uploads\/2020\/10\/Sede-Piastrella-Stock.jpg\" class=\"vc_single_image-img attachment-large\" alt=\"Sede Piastrella Stock\" title=\"Sede Piastrella Stock\" srcset=\"https:\/\/piastrellastock.it\/wp-content\/uploads\/2020\/10\/Sede-Piastrella-Stock.jpg 980w, https:\/\/piastrellastock.it\/wp-content\/uploads\/2020\/10\/Sede-Piastrella-Stock-300x182.jpg 300w, https:\/\/piastrellastock.it\/wp-content\/uploads\/2020\/10\/Sede-Piastrella-Stock-768x467.jpg 768w, https:\/\/piastrellastock.it\/wp-content\/uploads\/2020\/10\/Sede-Piastrella-Stock-16x10.jpg 16w\" sizes=\"auto, (max-width: 980px) 100vw, 980px\" \/><\/div>\n\t\t<\/figure>\n\t<\/div>\n<\/div><\/div><\/div><div class=\"wpb_column vc_column_container vc_col-sm-6\"><div class=\"vc_column-inner vc_custom_1494857394949\"><div class=\"wpb_wrapper\">\n\t<div class=\"wpb_text_column wpb_content_element vc_custom_1677073488644\" >\n\t\t<div class=\"wpb_wrapper\">\n\t\t\t<p>Visit directly our warehouse and our new showroom to see our products and to know our offers and services.<\/p>\n<p>We can offer you ceramic tiles at zero kilometre without expensive passages of intermediaries or retailers, 1st choice materials directly from manufacturers with stock\/outlet prices with discounts of more than 60% on the price list<\/p>\n<p>Even for those who come from outside, the savings are considerable and if you prefer you can also buy directly online by contacting us by email or telephone.<\/p>\n<p>We deal only with the best brands of floor and wall tiles in SUPER OFFER in 1st and 2nd choice and we have limited quantities of SUPER OFFER tiles in stock every week to satisfy even those looking for very low cost ceramics.<\/p>\n<p>The exhibition room gives the customer the opportunity to personally view and feel the surfaces of the products and facilitate the choice of design combinations.<\/p>\n<p>Lo spazio espositivo \u00e8 aperto al pubblico dal Luned\u00ec al Venerd\u00ec dalle 08:30 alle 12:30 e dalle 14:30 alle 18:00, il Sabato dalle ore 9.00 alle ore 13.00<\/p>\n\n\t\t<\/div>\n\t<\/div>\n<\/div><\/div><\/div><\/div><div class=\"vc_separator wpb_content_element vc_separator_align_center vc_sep_width_100 vc_sep_pos_align_center vc_separator_no_text vc_custom_1499600318751\" ><span class=\"vc_sep_holder vc_sep_holder_l\"><span style=\"border-color:rgb(10,10,10);border-color:rgba(10,10,10,0.12);\" class=\"vc_sep_line\"><\/span><\/span><span class=\"vc_sep_holder vc_sep_holder_r\"><span style=\"border-color:rgb(10,10,10);border-color:rgba(10,10,10,0.12);\" class=\"vc_sep_line\"><\/span><\/span>\n<\/div><\/div><\/div><\/div><\/div><div data-vc-full-width=\"true\" data-vc-full-width-temp=\"true\" data-vc-full-width-init=\"false\" class=\"vc_row wpb_row vc_row-fluid vc_custom_1499612919621 vc_row-has-fill wd-disable-overflow\"><div class=\"wpb_column vc_column_container vc_col-sm-12\"><div class=\"vc_column-inner vc_custom_1499592886600\"><div class=\"wpb_wrapper\"><h5 style=\"font-size: 16px;color: rgba(255,255,255,0.8);text-align: center\" class=\"vc_custom_heading vc_do_custom_heading visible-lg vc_custom_1603721214493\" >Some videos of our services<\/h5>\n\t\t<div id=\"wd-5f96d86c74e9e\" class=\"title-wrapper wd-wpb wd-set-mb reset-last-child  wd-rs-5f96d86c74e9e wd-title-color-white wd-title-style-default text-center vc_custom_1603721330075 wd-width-enabled wd-underline-colored\" style=\"--wd-max-width: 50%;\">\n\t\t\t\n\t\t\t<div class=\"liner-continer\">\n\t\t\t\t<h4 class=\"woodmart-title-container title  wd-font-weight- wd-fontsize-xxxl\" >Services<\/h4>\n\t\t\t\t\t\t\t<\/div>\n\t\t\t\n\t\t\t\n\t\t\t\n\t\t<\/div>\n\t\t\n\t\t<div class=\"vc_row wpb_row vc_inner vc_row-fluid\"><div class=\"wpb_column vc_column_container vc_col-sm-6\"><div class=\"vc_column-inner vc_custom_1499612891079\"><div class=\"wpb_wrapper\">\n\t<div class=\"wpb_video_widget wpb_content_element vc_clearfix vc_custom_1603721348029 vc_video-aspect-ratio-169 vc_video-el-width-100 vc_video-align-center\" >\n\t\t<div class=\"wpb_wrapper\">\n\t\t\t\n\t\t\t<div class=\"wpb_video_wrapper\">\t\t\t\t\t\t<div id=\"wd-rs-69df14de7e814\" class=\"wd-video-poster-wrapper\">\n\t\t\t\t\t\t\t<div class=\"wd-video-poster\" style=\"background-image:url(https:\/\/piastrellastock.it\/wp-content\/uploads\/2017\/06\/wood-main-bg.jpg)\"><\/div>\n\t\t\t\t\t\t\t<div class=\"button-play\"><\/div>\n\t\t\t\t\t\t<\/div>\n\t\t\t\t\t<iframe loading=\"lazy\" title=\"PIASTRELLA STOCK - MOVIMENTAZIONE LASTRE\" width=\"500\" height=\"281\" src=\"https:\/\/www.youtube.com\/embed\/jmDSmo_bsMo?feature=oembed\" frameborder=\"0\" allow=\"accelerometer; autoplay; clipboard-write; encrypted-media; gyroscope; picture-in-picture; web-share\" referrerpolicy=\"strict-origin-when-cross-origin\" allowfullscreen><\/iframe><\/div>\n\t\t<\/div>\n\t<\/div>\n\n\t\t<div id=\"wd-5f96d7656fdc5\" class=\"title-wrapper wd-wpb wd-set-mb reset-last-child  wd-rs-5f96d7656fdc5 wd-title-color-white wd-title-style-default text-center vc_custom_1603721068762 wd-underline-colored\">\n\t\t\t\n\t\t\t<div class=\"liner-continer\">\n\t\t\t\t<h4 class=\"woodmart-title-container title  wd-font-weight- wd-fontsize-m\" >Slabs handling<\/h4>\n\t\t\t\t\t\t\t<\/div>\n\t\t\t\n\t\t\t\n\t\t\t\n\t\t<\/div>\n\t\t\n\t\t<\/div><\/div><\/div><div class=\"wpb_column vc_column_container vc_col-sm-6\"><div class=\"vc_column-inner vc_custom_1499612903694\"><div class=\"wpb_wrapper\">\n\t<div class=\"wpb_video_widget wpb_content_element vc_clearfix vc_custom_1603721273315 vc_video-aspect-ratio-169 vc_video-el-width-100 vc_video-align-center\" >\n\t\t<div class=\"wpb_wrapper\">\n\t\t\t\n\t\t\t<div class=\"wpb_video_wrapper\">\t\t\t\t\t\t<div id=\"wd-rs-69df14de7f144\" class=\"wd-video-poster-wrapper\">\n\t\t\t\t\t\t\t<div class=\"wd-video-poster\" style=\"background-image:url(https:\/\/piastrellastock.it\/wp-content\/uploads\/2017\/06\/wood-main-bg.jpg)\"><\/div>\n\t\t\t\t\t\t\t<div class=\"button-play\"><\/div>\n\t\t\t\t\t\t<\/div>\n\t\t\t\t\t<iframe loading=\"lazy\" title=\"PIASTRELLA STOCK - CARICO MERCI\" width=\"500\" height=\"281\" src=\"https:\/\/www.youtube.com\/embed\/IJOE7yQdT94?feature=oembed\" frameborder=\"0\" allow=\"accelerometer; autoplay; clipboard-write; encrypted-media; gyroscope; picture-in-picture; web-share\" referrerpolicy=\"strict-origin-when-cross-origin\" allowfullscreen><\/iframe><\/div>\n\t\t<\/div>\n\t<\/div>\n\n\t\t<div id=\"wd-5f96d78f434fc\" class=\"title-wrapper wd-wpb wd-set-mb reset-last-child  wd-rs-5f96d78f434fc wd-title-color-white wd-title-style-default text-center vc_custom_1603721108406 wd-underline-colored\">\n\t\t\t\n\t\t\t<div class=\"liner-continer\">\n\t\t\t\t<h4 class=\"woodmart-title-container title  wd-font-weight- wd-fontsize-m\" >Freight load<\/h4>\n\t\t\t\t\t\t\t<\/div>\n\t\t\t\n\t\t\t\n\t\t\t\n\t\t<\/div>\n\t\t\n\t\t<\/div><\/div><\/div><\/div><\/div><\/div><\/div><\/div><div class=\"vc_row-full-width vc_clearfix\"><\/div>\n<\/div>","protected":false},"excerpt":{"rendered":"PAVIMENTI E RIVESTIMENTI PER OGNI ESIGENZA SPECIALIZZATI NELLA VENDITA DI PAVIMENTI E RIVESTIMENTI DI OGNI TIPODAL GRES PORCELLANATO, PRODOTTI PER","protected":false},"author":1,"featured_media":0,"parent":0,"menu_order":0,"comment_status":"closed","ping_status":"closed","template":"","meta":{"_joinchat":[],"footnotes":""},"class_list":["post-845","page","type-page","status-publish","hentry"],"yoast_head":"<!-- This site is optimized with the Yoast SEO plugin v27.1.1 - https:\/\/yoast.com\/product\/yoast-seo-wordpress\/ -->\n<title>Chi siamo - Piastrella stock - Il meglio a prezzo di stock<\/title>\n<meta name=\"robots\" content=\"index, follow, max-snippet:-1, max-image-preview:large, max-video-preview:-1\" \/>\n<link rel=\"canonical\" href=\"https:\/\/piastrellastock.it\/en\/chi-siamo\/\" \/>\n<meta property=\"og:locale\" content=\"en_GB\" \/>\n<meta property=\"og:type\" content=\"article\" \/>\n<meta property=\"og:title\" content=\"Chi siamo - Piastrella stock - Il meglio a prezzo di stock\" \/>\n<meta property=\"og:url\" content=\"https:\/\/piastrellastock.it\/en\/chi-siamo\/\" \/>\n<meta property=\"og:site_name\" content=\"Piastrella stock - Il meglio a prezzo di stock\" \/>\n<meta property=\"article:modified_time\" content=\"2023-02-22T13:44:52+00:00\" \/>\n<meta name=\"twitter:card\" content=\"summary_large_image\" \/>\n<meta name=\"twitter:label1\" content=\"Est. reading time\" \/>\n\t<meta name=\"twitter:data1\" content=\"5 minutes\" \/>\n<script type=\"application\/ld+json\" class=\"yoast-schema-graph\">{\"@context\":\"https:\/\/schema.org\",\"@graph\":[{\"@type\":\"WebPage\",\"@id\":\"https:\/\/piastrellastock.it\/chi-siamo\/\",\"url\":\"https:\/\/piastrellastock.it\/chi-siamo\/\",\"name\":\"Chi siamo - Piastrella stock - Il meglio a prezzo di stock\",\"isPartOf\":{\"@id\":\"https:\/\/piastrellastock.it\/#website\"},\"datePublished\":\"2017-07-13T06:58:00+00:00\",\"dateModified\":\"2023-02-22T13:44:52+00:00\",\"inLanguage\":\"en-GB\",\"potentialAction\":[{\"@type\":\"ReadAction\",\"target\":[\"https:\/\/piastrellastock.it\/chi-siamo\/\"]}]},{\"@type\":\"WebSite\",\"@id\":\"https:\/\/piastrellastock.it\/#website\",\"url\":\"https:\/\/piastrellastock.it\/\",\"name\":\"Piastrella stock - Il meglio a prezzo di stock\",\"description\":\"La ceramica per te\",\"potentialAction\":[{\"@type\":\"SearchAction\",\"target\":{\"@type\":\"EntryPoint\",\"urlTemplate\":\"https:\/\/piastrellastock.it\/?s={search_term_string}\"},\"query-input\":{\"@type\":\"PropertyValueSpecification\",\"valueRequired\":true,\"valueName\":\"search_term_string\"}}],\"inLanguage\":\"en-GB\"}]}<\/script>\n<!-- \/ Yoast SEO plugin. -->","yoast_head_json":{"title":"Chi siamo - Piastrella stock - Il meglio a prezzo di stock","robots":{"index":"index","follow":"follow","max-snippet":"max-snippet:-1","max-image-preview":"max-image-preview:large","max-video-preview":"max-video-preview:-1"},"canonical":"https:\/\/piastrellastock.it\/en\/chi-siamo\/","og_locale":"en_GB","og_type":"article","og_title":"Chi siamo - Piastrella stock - Il meglio a prezzo di stock","og_url":"https:\/\/piastrellastock.it\/en\/chi-siamo\/","og_site_name":"Piastrella stock - Il meglio a prezzo di stock","article_modified_time":"2023-02-22T13:44:52+00:00","twitter_card":"summary_large_image","twitter_misc":{"Est. reading time":"5 minutes"},"schema":{"@context":"https:\/\/schema.org","@graph":[{"@type":"WebPage","@id":"https:\/\/piastrellastock.it\/chi-siamo\/","url":"https:\/\/piastrellastock.it\/chi-siamo\/","name":"Chi siamo - Piastrella stock - Il meglio a prezzo di stock","isPartOf":{"@id":"https:\/\/piastrellastock.it\/#website"},"datePublished":"2017-07-13T06:58:00+00:00","dateModified":"2023-02-22T13:44:52+00:00","inLanguage":"en-GB","potentialAction":[{"@type":"ReadAction","target":["https:\/\/piastrellastock.it\/chi-siamo\/"]}]},{"@type":"WebSite","@id":"https:\/\/piastrellastock.it\/#website","url":"https:\/\/piastrellastock.it\/","name":"Piastrella stock - Il meglio a prezzo di stock","description":"La ceramica per te","potentialAction":[{"@type":"SearchAction","target":{"@type":"EntryPoint","urlTemplate":"https:\/\/piastrellastock.it\/?s={search_term_string}"},"query-input":{"@type":"PropertyValueSpecification","valueRequired":true,"valueName":"search_term_string"}}],"inLanguage":"en-GB"}]}},"_links":{"self":[{"href":"https:\/\/piastrellastock.it\/en\/wp-json\/wp\/v2\/pages\/845","targetHints":{"allow":["GET"]}}],"collection":[{"href":"https:\/\/piastrellastock.it\/en\/wp-json\/wp\/v2\/pages"}],"about":[{"href":"https:\/\/piastrellastock.it\/en\/wp-json\/wp\/v2\/types\/page"}],"author":[{"embeddable":true,"href":"https:\/\/piastrellastock.it\/en\/wp-json\/wp\/v2\/users\/1"}],"replies":[{"embeddable":true,"href":"https:\/\/piastrellastock.it\/en\/wp-json\/wp\/v2\/comments?post=845"}],"version-history":[{"count":9,"href":"https:\/\/piastrellastock.it\/en\/wp-json\/wp\/v2\/pages\/845\/revisions"}],"predecessor-version":[{"id":9541,"href":"https:\/\/piastrellastock.it\/en\/wp-json\/wp\/v2\/pages\/845\/revisions\/9541"}],"wp:attachment":[{"href":"https:\/\/piastrellastock.it\/en\/wp-json\/wp\/v2\/media?parent=845"}],"curies":[{"name":"wp","href":"https:\/\/api.w.org\/{rel}","templated":true}]}}